{"id":3,"date":"2024-03-20T13:31:30","date_gmt":"2024-03-20T12:31:30","guid":{"rendered":"http:\/\/binexroom.com\/?page_id=3"},"modified":"2024-03-25T07:09:41","modified_gmt":"2024-03-25T06:09:41","slug":"politique-de-confidentialite","status":"publish","type":"page","link":"https:\/\/binexroom.com\/?page_id=3","title":{"rendered":"Politique de confidentialit\u00e9"},"content":{"rendered":"\t\t<div data-elementor-type=\"wp-page\" data-elementor-id=\"3\" class=\"elementor elementor-3\">\n\t\t\t\t<div class=\"elementor-element elementor-element-385b15a6 e-flex e-con-boxed e-con e-parent\" data-id=\"385b15a6\" data-element_type=\"container\">\n\t\t\t\t\t<div class=\"e-con-inner\">\n\t\t\t\t<div class=\"elementor-element elementor-element-2844807 elementor-widget elementor-widget-text-editor\" data-id=\"2844807\" data-element_type=\"widget\" data-widget_type=\"text-editor.default\">\n\t\t\t\t<div class=\"elementor-widget-container\">\n\t\t\t\t\t\t\t\t\t<p><strong>1. Introduction<\/strong> Chez Binexroom, nous engageons \u00e0 prot\u00e9ger la vie priv\u00e9e de nos clients. Cette politique de confidentialit\u00e9 explique comment nous utilisons les informations personnelles que nous collectons lorsque vous utilisez notre site web.<\/p>\n<p><strong>2. Quelles informations collectons-nous ?<\/strong> Nous collectons des informations lorsque vous effectuez un achat. Les informations collect\u00e9es incluent votre nom, adresse e-mail, et informations de paiement.<\/p>\n<p><strong>3. Comment allons-nous utiliser les informations ?<\/strong> Les informations que nous collectons sont utilis\u00e9es pour traiter votre commande, g\u00e9rer votre compte, et, si vous acceptez, vous envoyer des communications marketing.<\/p>\n<p><strong>4. Marketing<\/strong> Nous aimerions vous envoyer des informations sur nos produits et services qui peuvent vous int\u00e9resser. Si vous avez consenti \u00e0 recevoir du marketing, vous pouvez toujours opter pour un d\u00e9sabonnement ult\u00e9rieur.<\/p>\n<p><strong>5. Acc\u00e8s \u00e0 vos informations et correction<\/strong> Vous avez le droit de demander une copie des informations que nous d\u00e9tenons \u00e0 votre sujet. Si vous souhaitez obtenir une copie de certaines ou de toutes vos informations personnelles, veuillez nous contacter.<\/p>\n<p><strong>6. Cookies<\/strong> Nous utilisons des cookies pour collecter des informations sur votre utilisation de notre site web et pour faciliter votre visite.<\/p>\n<p><strong>7. S\u00e9curit\u00e9<\/strong> Nous prenons des mesures de s\u00e9curit\u00e9 pour pr\u00e9venir l\u2019acc\u00e8s non autoris\u00e9 ou ill\u00e9gal \u00e0 vos informations personnelles.<\/p>\n<p><strong>8. Modifications de notre politique de confidentialit\u00e9<\/strong> Nous r\u00e9visons r\u00e9guli\u00e8rement notre politique de confidentialit\u00e9 et publierons toute mise \u00e0 jour sur cette page web.<\/p>\n<p><strong>9. Comment nous contacter<\/strong> Veuillez nous contacter si vous avez des questions sur notre politique de confidentialit\u00e9 ou les informations que nous d\u00e9tenons \u00e0 votre sujet.<\/p>\t\t\t\t\t\t\t\t<\/div>\n\t\t\t\t<\/div>\n\t\t\t\t\t<\/div>\n\t\t\t\t<\/div>\n\t\t\t\t<\/div>\n\t\t","protected":false},"excerpt":{"rendered":"<p>1. Introduction Chez Binexroom, nous engageons \u00e0 prot\u00e9ger la vie priv\u00e9e de nos clients. Cette politique de confidentialit\u00e9 explique comment nous utilisons les informations personnelles que nous collectons lorsque vous utilisez notre site web. 2. Quelles informations collectons-nous ? Nous collectons des informations lorsque vous effectuez un achat. Les informations collect\u00e9es incluent votre nom, adresse [&hellip;]<\/p>\n","protected":false},"author":1,"featured_media":0,"parent":0,"menu_order":0,"comment_status":"closed","ping_status":"open","template":"","meta":{"_monsterinsights_skip_tracking":false,"_monsterinsights_sitenote_active":false,"_monsterinsights_sitenote_note":"","_monsterinsights_sitenote_category":0,"_glsr_average":0,"_glsr_ranking":0,"_glsr_reviews":0,"footnotes":""},"class_list":["post-3","page","type-page","status-publish","hentry"],"aioseo_notices":[],"jetpack_sharing_enabled":true,"_links":{"self":[{"href":"https:\/\/binexroom.com\/index.php?rest_route=\/wp\/v2\/pages\/3","targetHints":{"allow":["GET"]}}],"collection":[{"href":"https:\/\/binexroom.com\/index.php?rest_route=\/wp\/v2\/pages"}],"about":[{"href":"https:\/\/binexroom.com\/index.php?rest_route=\/wp\/v2\/types\/page"}],"author":[{"embeddable":true,"href":"https:\/\/binexroom.com\/index.php?rest_route=\/wp\/v2\/users\/1"}],"replies":[{"embeddable":true,"href":"https:\/\/binexroom.com\/index.php?rest_route=%2Fwp%2Fv2%2Fcomments&post=3"}],"version-history":[{"count":3,"href":"https:\/\/binexroom.com\/index.php?rest_route=\/wp\/v2\/pages\/3\/revisions"}],"predecessor-version":[{"id":238,"href":"https:\/\/binexroom.com\/index.php?rest_route=\/wp\/v2\/pages\/3\/revisions\/238"}],"wp:attachment":[{"href":"https:\/\/binexroom.com\/index.php?rest_route=%2Fwp%2Fv2%2Fmedia&parent=3"}],"curies":[{"name":"wp","href":"https:\/\/api.w.org\/{rel}","templated":true}]}}