{"id":231,"date":"2024-03-25T07:02:33","date_gmt":"2024-03-25T06:02:33","guid":{"rendered":"https:\/\/binexroom.com\/?page_id=231"},"modified":"2024-03-25T07:04:26","modified_gmt":"2024-03-25T06:04:26","slug":"conditions-generales-de-vente-cgv","status":"publish","type":"page","link":"https:\/\/binexroom.com\/?page_id=231","title":{"rendered":"Conditions G\u00e9n\u00e9rales de Vente (CGV)"},"content":{"rendered":"\t\t<div data-elementor-type=\"wp-page\" data-elementor-id=\"231\" class=\"elementor elementor-231\">\n\t\t\t\t<div class=\"elementor-element elementor-element-f7554b5 e-flex e-con-boxed e-con e-parent\" data-id=\"f7554b5\" data-element_type=\"container\">\n\t\t\t\t\t<div class=\"e-con-inner\">\n\t\t\t\t<div class=\"elementor-element elementor-element-2e08b71 elementor-widget elementor-widget-text-editor\" data-id=\"2e08b71\" data-element_type=\"widget\" data-widget_type=\"text-editor.default\">\n\t\t\t\t<div class=\"elementor-widget-container\">\n\t\t\t\t\t\t\t\t\t<p><span style=\"color: #999999;\"><strong>Conditions G\u00e9n\u00e9rales de Vente (CGV)<\/strong><\/span><\/p>\n<p><span style=\"color: #999999;\"><em>Entre :<\/em><\/span><\/p>\n<p><span style=\"color: #999999;\"><b>Binexroom<\/b>, soci\u00e9t\u00e9 au capital de 15 000\u20ac, immatricul\u00e9e au Registre du Commerce et des Soci\u00e9t\u00e9s de Saint-Denis.<\/span><\/p>\n<p><span style=\"color: #999999;\">Ci-apr\u00e8s d\u00e9nomm\u00e9e \u00ab le Vendeur \u00bb.<\/span><\/p>\n<p><span style=\"color: #999999;\"><em>Et :<\/em><\/span><\/p>\n<p><span style=\"color: #999999;\">Toute personne physique ou morale effectuant un achat via le site Internet Binexroom.<\/span><\/p>\n<p><span style=\"color: #999999;\">Ci-apr\u00e8s d\u00e9nomm\u00e9e \u00ab l\u2019Acheteur \u00bb.<\/span><\/p>\n<p><span style=\"color: #999999;\"><em>Il a \u00e9t\u00e9 expos\u00e9 et convenu ce qui suit :<\/em><\/span><\/p>\n<p><span style=\"color: #999999;\"><strong>Pr\u00e9ambule<\/strong><\/span><\/p>\n<p><span style=\"color: #999999;\">Le Vendeur est \u00e9diteur de produits exclusivement \u00e0 destination de consommateurs, commercialis\u00e9s par l\u2019interm\u00e9diaire de son site Internet https:\/\/binexroom.com. L\u2019unique produit propos\u00e9 est un eBook, dont les caract\u00e9ristiques sont pr\u00e9sent\u00e9es sur le site. La transaction se r\u00e9alise exclusivement \u00e0 distance via t\u00e9l\u00e9chargement.<\/span><\/p>\n<p><span style=\"color: #999999;\"><strong>Article 1 : Objet<\/strong><\/span><\/p>\n<p><span style=\"color: #999999;\">Les pr\u00e9sentes CGV visent \u00e0 d\u00e9finir les modalit\u00e9s de vente entre le vendeur et l\u2019acheteur, de la commande \u00e0 la livraison, en passant par le paiement et l\u2019utilisation du produit vendu.<\/span><\/p>\n<p><span style=\"color: #999999;\"><strong>Article 2 : Produit<\/strong><\/span><\/p>\n<p><span style=\"color: #999999;\">Le produit propos\u00e9 est un eBook. Les caract\u00e9ristiques essentielles et le prix sont indiqu\u00e9s sur le site de vente.<\/span><\/p>\n<p><span style=\"color: #999999;\"><strong>Article 3 : Prix<\/strong><\/span><\/p>\n<p><span style=\"color: #999999;\">Le prix est indiqu\u00e9 en euros et est ferme et d\u00e9finitif. Il est payable en totalit\u00e9 apr\u00e8s confirmation de la commande.<\/span><\/p>\n<p><span style=\"color: #999999;\"><strong>Article 4 : Commande<\/strong><\/span><\/p>\n<p><span style=\"color: #999999;\">La commande est valid\u00e9e une fois le paiement r\u00e9alis\u00e9 par l\u2019acheteur. Un email de confirmation est envoy\u00e9, contenant le lien de t\u00e9l\u00e9chargement de l\u2019eBook.<\/span><\/p>\n<p><span style=\"color: #999999;\"><strong>Article 5 : Paiement<\/strong><\/span><\/p>\n<p><span style=\"color: #999999;\">Le paiement est s\u00e9curis\u00e9 et peut \u00eatre effectu\u00e9 par carte de cr\u00e9dit.<\/span><\/p>\n<p><span style=\"color: #999999;\"><strong>Article 6 : Livraison<\/strong><\/span><\/p>\n<p><span style=\"color: #999999;\">La livraison se fait par t\u00e9l\u00e9chargement. Apr\u00e8s confirmation de la commande et du paiement, l\u2019acheteur re\u00e7oit un lien pour t\u00e9l\u00e9charger l\u2019eBook.<\/span><\/p>\n<p><span style=\"color: #999999;\"><strong>Article 7 : Droit de r\u00e9tractation<\/strong><\/span><\/p>\n<p><span style=\"color: #999999;\">Conform\u00e9ment \u00e0 la l\u00e9gislation en vigueur, l\u2019acheteur ne dispose pas d\u2019un droit de r\u00e9tractation \u00e0 compter de la r\u00e9ception de l\u2019eBook.<\/span><\/p>\n<p><span style=\"color: #999999;\"><strong>Article 8 : Propri\u00e9t\u00e9 intellectuelle<\/strong><\/span><\/p>\n<p><span style=\"color: #999999;\">Tous les \u00e9l\u00e9ments du site du Vendeur sont et restent la propri\u00e9t\u00e9 intellectuelle et exclusive du Vendeur. Personne n\u2019est autoris\u00e9 \u00e0 reproduire, exploiter, ou utiliser \u00e0 quelque titre que ce soit, m\u00eame partiellement, des \u00e9l\u00e9ments du site.<\/span><\/p>\n<p><span style=\"color: #999999;\"><strong>Article 9 : Donn\u00e9es personnelles<\/strong><\/span><\/p>\n<p><span style=\"color: #999999;\">Les informations recueillies lors de la vente sont n\u00e9cessaires pour la gestion de la commande et sont trait\u00e9es conform\u00e9ment \u00e0 la r\u00e9glementation sur la protection des donn\u00e9es personnelles.<\/span><\/p>\n<p><span style=\"color: #999999;\"><strong>Article 10 : Litiges<\/strong><\/span><\/p>\n<p><span style=\"color: #999999;\">Tout litige relatif \u00e0 l\u2019interpr\u00e9tation et \u00e0 l\u2019ex\u00e9cution des pr\u00e9sentes CGV est soumis au droit fran\u00e7ais. \u00c0 d\u00e9faut de r\u00e9solution amiable, le litige sera port\u00e9 devant les tribunaux comp\u00e9tents.<\/span><\/p>\t\t\t\t\t\t\t\t<\/div>\n\t\t\t\t<\/div>\n\t\t\t\t\t<\/div>\n\t\t\t\t<\/div>\n\t\t\t\t<\/div>\n\t\t","protected":false},"excerpt":{"rendered":"<p>Conditions G\u00e9n\u00e9rales de Vente (CGV) Entre : Binexroom, soci\u00e9t\u00e9 au capital de 15 000\u20ac, immatricul\u00e9e au Registre du Commerce et des Soci\u00e9t\u00e9s de Saint-Denis. Ci-apr\u00e8s d\u00e9nomm\u00e9e \u00ab le Vendeur \u00bb. Et : Toute personne physique ou morale effectuant un achat via le site Internet Binexroom. Ci-apr\u00e8s d\u00e9nomm\u00e9e \u00ab l\u2019Acheteur \u00bb. Il a \u00e9t\u00e9 expos\u00e9 et [&hellip;]<\/p>\n","protected":false},"author":1,"featured_media":0,"parent":0,"menu_order":0,"comment_status":"closed","ping_status":"closed","template":"page-templates\/template-pagebuilder-full-width.php","meta":{"_monsterinsights_skip_tracking":false,"_monsterinsights_sitenote_active":false,"_monsterinsights_sitenote_note":"","_monsterinsights_sitenote_category":0,"_glsr_average":0,"_glsr_ranking":0,"_glsr_reviews":0,"footnotes":""},"class_list":["post-231","page","type-page","status-publish","hentry"],"aioseo_notices":[],"jetpack_sharing_enabled":true,"_links":{"self":[{"href":"https:\/\/binexroom.com\/index.php?rest_route=\/wp\/v2\/pages\/231","targetHints":{"allow":["GET"]}}],"collection":[{"href":"https:\/\/binexroom.com\/index.php?rest_route=\/wp\/v2\/pages"}],"about":[{"href":"https:\/\/binexroom.com\/index.php?rest_route=\/wp\/v2\/types\/page"}],"author":[{"embeddable":true,"href":"https:\/\/binexroom.com\/index.php?rest_route=\/wp\/v2\/users\/1"}],"replies":[{"embeddable":true,"href":"https:\/\/binexroom.com\/index.php?rest_route=%2Fwp%2Fv2%2Fcomments&post=231"}],"version-history":[{"count":4,"href":"https:\/\/binexroom.com\/index.php?rest_route=\/wp\/v2\/pages\/231\/revisions"}],"predecessor-version":[{"id":235,"href":"https:\/\/binexroom.com\/index.php?rest_route=\/wp\/v2\/pages\/231\/revisions\/235"}],"wp:attachment":[{"href":"https:\/\/binexroom.com\/index.php?rest_route=%2Fwp%2Fv2%2Fmedia&parent=231"}],"curies":[{"name":"wp","href":"https:\/\/api.w.org\/{rel}","templated":true}]}}